{"id":1959,"date":"2025-04-11T11:52:57","date_gmt":"2025-04-11T09:52:57","guid":{"rendered":"https:\/\/valleproperties.eu\/?post_type=product&#038;p=1959"},"modified":"2025-04-17T19:22:31","modified_gmt":"2025-04-17T17:22:31","slug":"stunning-penthouse","status":"publish","type":"product","link":"https:\/\/valleproperties.eu\/fr\/produit\/stunning-penthouse\/","title":{"rendered":"Stunning penthouse with sea views"},"content":{"rendered":"<h3 class=\"\" data-start=\"300\" data-end=\"377\">\u2600\ufe0f Vacaciones en familia con vistas al mar y el relax de la Costa del Sol<\/h3>\n<p class=\"\" data-start=\"379\" data-end=\"562\">\u00bfBuscas el equilibrio perfecto entre tranquilidad, comodidad y aventura? Este moderno y luminoso apartamento es tu refugio ideal para unas vacaciones inolvidables en la Costa del Sol.<\/p>\n<p class=\"\" data-start=\"564\" data-end=\"903\">Perfecto para familias, cuenta con dos habitaciones acogedoras: una con dos camas individuales para los m\u00e1s peque\u00f1os, y otra principal con cama doble para el descanso de los adultos. Un ba\u00f1o completo con ba\u00f1era te espera al final del d\u00eda para relajarte, y un aseo adicional con lavadora aporta ese extra de comodidad para estancias largas.<\/p>\n<p class=\"\" data-start=\"905\" data-end=\"1208\">El coraz\u00f3n de la casa es su cocina abierta totalmente equipada, conectada con un amplio sal\u00f3n donde compartir momentos especiales. Pero sin duda, tu rinc\u00f3n favorito ser\u00e1 la <strong data-start=\"1078\" data-end=\"1097\">terraza privada<\/strong>, donde podr\u00e1s desayunar al sol o brindar al atardecer, rodeado de <strong data-start=\"1164\" data-end=\"1207\">vistas al mar y a las colinas andaluzas<\/strong>.<\/p>\n<p class=\"\" data-start=\"1210\" data-end=\"1503\">La urbanizaci\u00f3n es un aut\u00e9ntico oasis: jardines con vegetaci\u00f3n ex\u00f3tica, bancos tranquilos para leer o simplemente desconectar, y una <strong data-start=\"1343\" data-end=\"1379\">espectacular piscina comunitaria<\/strong> con vistas al mar y la monta\u00f1a. La zona de sol\u00e1rium, equipada con tumbonas y sombrillas, te invita a relajarte bajo el sol.<\/p>\n<p class=\"\" data-start=\"1505\" data-end=\"1608\">Adem\u00e1s, contar\u00e1s con aparcamiento exterior dentro del recinto, para que solo te preocupes de disfrutar.<\/p>\n<p class=\"\" data-start=\"1610\" data-end=\"1835\">A pocos minutos en coche encontrar\u00e1s <strong data-start=\"1647\" data-end=\"1715\">playas, campos de golf, restaurantes y pueblos llenos de encanto<\/strong>, como Casares o la vibrante M\u00e1laga. Ya sea que prefieras d\u00edas de relax o excursiones inolvidables, aqu\u00ed lo tienes todo.<\/p>\n<p class=\"\" data-start=\"1837\" data-end=\"1990\">\ud83c\udf0a Sol, calma, comodidad&#8230; \u00a1y la Costa del Sol a tus pies!<br data-start=\"1896\" data-end=\"1899\" \/>Haz de este apartamento tu hogar para desconectar y crear recuerdos que duran toda la vida.<\/p>","protected":false},"excerpt":{"rendered":"<p>\u2600\ufe0f Vacaciones en familia con vistas al mar y el relax de la Costa del Sol \u00bfBuscas el equilibrio perfecto entre tranquilidad, comodidad y aventura? Este moderno y luminoso apartamento es tu refugio ideal para unas vacaciones inolvidables en la Costa del Sol. Perfecto para familias, cuenta con dos habitaciones acogedoras: una con dos camas [&hellip;]<\/p>","protected":false},"featured_media":2114,"comment_status":"open","ping_status":"closed","template":"","meta":{"content-type":""},"product_brand":[],"product_cat":[52,51],"product_tag":[],"class_list":{"0":"post-1959","1":"product","2":"type-product","3":"status-publish","4":"has-post-thumbnail","6":"product_cat-alquiler-vacacional","7":"product_cat-propiedades","9":"first","10":"instock","11":"sold-individually","12":"taxable","13":"shipping-taxable","14":"purchasable","15":"product-type-jet_booking"},"_links":{"self":[{"href":"https:\/\/valleproperties.eu\/fr\/wp-json\/wp\/v2\/product\/1959","targetHints":{"allow":["GET"]}}],"collection":[{"href":"https:\/\/valleproperties.eu\/fr\/wp-json\/wp\/v2\/product"}],"about":[{"href":"https:\/\/valleproperties.eu\/fr\/wp-json\/wp\/v2\/types\/product"}],"replies":[{"embeddable":true,"href":"https:\/\/valleproperties.eu\/fr\/wp-json\/wp\/v2\/comments?post=1959"}],"wp:featuredmedia":[{"embeddable":true,"href":"https:\/\/valleproperties.eu\/fr\/wp-json\/wp\/v2\/media\/2114"}],"wp:attachment":[{"href":"https:\/\/valleproperties.eu\/fr\/wp-json\/wp\/v2\/media?parent=1959"}],"wp:term":[{"taxonomy":"product_brand","embeddable":true,"href":"https:\/\/valleproperties.eu\/fr\/wp-json\/wp\/v2\/product_brand?post=1959"},{"taxonomy":"product_cat","embeddable":true,"href":"https:\/\/valleproperties.eu\/fr\/wp-json\/wp\/v2\/product_cat?post=1959"},{"taxonomy":"product_tag","embeddable":true,"href":"https:\/\/valleproperties.eu\/fr\/wp-json\/wp\/v2\/product_tag?post=1959"}],"curies":[{"name":"wp","href":"https:\/\/api.w.org\/{rel}","templated":true}]}}