{"id":1785,"date":"2025-04-01T10:56:30","date_gmt":"2025-04-01T08:56:30","guid":{"rendered":"https:\/\/valleproperties.eu\/?post_type=product&#038;p=1785"},"modified":"2025-04-11T11:51:36","modified_gmt":"2025-04-11T09:51:36","slug":"casa-juanita","status":"publish","type":"product","link":"https:\/\/valleproperties.eu\/en\/product\/casa-juanita\/","title":{"rendered":"Casa Juanita"},"content":{"rendered":"<h3 class=\"\" data-start=\"251\" data-end=\"327\">\ud83c\udf3f Esc\u00e1pate al confort: terraza privada, jardines y relax en la costa \ud83c\udf1e<\/h3>\n<p class=\"\" data-start=\"329\" data-end=\"587\">Sum\u00e9rgete en la calma mediterr\u00e1nea en este elegante apartamento situado en una urbanizaci\u00f3n privada con jardines tropicales y una refrescante piscina comunitaria. Un entorno perfecto para descansar, desconectar y disfrutar del buen clima durante todo el a\u00f1o.<\/p>\n<p class=\"\" data-start=\"589\" data-end=\"736\">\ud83d\udecc El apartamento cuenta con dos acogedoras habitaciones con armarios empotrados, una de ellas con ba\u00f1o en suite, pensada para tu m\u00e1xima comodidad.<\/p>\n<p class=\"\" data-start=\"738\" data-end=\"896\">\ud83c\udf7d\ufe0f La cocina moderna y semiabierta se integra con un amplio sal\u00f3n lleno de luz natural, creando un espacio c\u00e1lido y funcional para compartir buenos momentos.<\/p>\n<p class=\"\" data-start=\"898\" data-end=\"1146\">\ud83c\udf05 Destaca su gran terraza acristalada con sistema Lumon, un espacio vers\u00e1til y luminoso con agradables vistas abiertas a zonas verdes, sin edificios enfrente ni vecinos directos\u2014ideal para disfrutar con total privacidad tanto de d\u00eda como de noche.<\/p>\n<p class=\"\" data-start=\"1148\" data-end=\"1290\">\ud83c\udfdd\ufe0f Las playas est\u00e1n muy cerca en coche, al igual que supermercados, tiendas, restaurantes y todo lo que puedas necesitar durante tu estancia.<\/p>\n<p class=\"\" data-start=\"1292\" data-end=\"1426\">\ud83c\udfca\u200d\u2640\ufe0f Y cuando quieras quedarte en casa, puedes relajarte en la zona de piscina rodeada de palmeras y jardines perfectamente cuidados.<\/p>\n<p class=\"\" data-start=\"1428\" data-end=\"1536\">Un lugar dise\u00f1ado para descansar, reconectar y vivir a otro ritmo. Perfecto para familias, parejas o amigos.<\/p>","protected":false},"excerpt":{"rendered":"<p>\ud83c\udf3f Esc\u00e1pate al confort: terraza privada, jardines y relax en la costa \ud83c\udf1e Sum\u00e9rgete en la calma mediterr\u00e1nea en este elegante apartamento situado en una urbanizaci\u00f3n privada con jardines tropicales y una refrescante piscina comunitaria. Un entorno perfecto para descansar, desconectar y disfrutar del buen clima durante todo el a\u00f1o. \ud83d\udecc El apartamento cuenta con [&hellip;]<\/p>","protected":false},"featured_media":1828,"comment_status":"open","ping_status":"closed","template":"","meta":{"content-type":""},"product_brand":[],"product_cat":[52,51],"product_tag":[],"class_list":{"0":"post-1785","1":"product","2":"type-product","3":"status-publish","4":"has-post-thumbnail","6":"product_cat-alquiler-vacacional","7":"product_cat-propiedades","9":"first","10":"instock","11":"sold-individually","12":"taxable","13":"shipping-taxable","14":"purchasable","15":"product-type-jet_booking"},"_links":{"self":[{"href":"https:\/\/valleproperties.eu\/en\/wp-json\/wp\/v2\/product\/1785","targetHints":{"allow":["GET"]}}],"collection":[{"href":"https:\/\/valleproperties.eu\/en\/wp-json\/wp\/v2\/product"}],"about":[{"href":"https:\/\/valleproperties.eu\/en\/wp-json\/wp\/v2\/types\/product"}],"replies":[{"embeddable":true,"href":"https:\/\/valleproperties.eu\/en\/wp-json\/wp\/v2\/comments?post=1785"}],"wp:featuredmedia":[{"embeddable":true,"href":"https:\/\/valleproperties.eu\/en\/wp-json\/wp\/v2\/media\/1828"}],"wp:attachment":[{"href":"https:\/\/valleproperties.eu\/en\/wp-json\/wp\/v2\/media?parent=1785"}],"wp:term":[{"taxonomy":"product_brand","embeddable":true,"href":"https:\/\/valleproperties.eu\/en\/wp-json\/wp\/v2\/product_brand?post=1785"},{"taxonomy":"product_cat","embeddable":true,"href":"https:\/\/valleproperties.eu\/en\/wp-json\/wp\/v2\/product_cat?post=1785"},{"taxonomy":"product_tag","embeddable":true,"href":"https:\/\/valleproperties.eu\/en\/wp-json\/wp\/v2\/product_tag?post=1785"}],"curies":[{"name":"wp","href":"https:\/\/api.w.org\/{rel}","templated":true}]}}